{"id":15223,"date":"2021-12-15T15:33:29","date_gmt":"2021-12-15T20:33:29","guid":{"rendered":"https:\/\/test-vez.catalyseweb.com\/contact-2\/"},"modified":"2026-02-13T14:10:58","modified_gmt":"2026-02-13T19:10:58","slug":"contact","status":"publish","type":"page","link":"https:\/\/www.groupevezina.com\/en\/contact\/","title":{"rendered":"Contact"},"content":{"rendered":"\t\t<div data-elementor-type=\"wp-page\" data-elementor-id=\"15223\" class=\"elementor elementor-15223 elementor-13172\" data-elementor-post-type=\"page\">\n\t\t\t\t<div class=\"elementor-element elementor-element-6a5602c e-flex e-con-boxed e-con e-parent\" data-id=\"6a5602c\" data-element_type=\"container\" data-e-type=\"container\">\n\t\t\t\t\t<div class=\"e-con-inner\">\n\t\t<div class=\"elementor-element elementor-element-9077ed7 e-con-full e-flex e-con e-child\" data-id=\"9077ed7\" data-element_type=\"container\" data-e-type=\"container\" data-settings=\"{&quot;background_background&quot;:&quot;classic&quot;}\">\n\t\t\t\t<div class=\"elementor-element elementor-element-a3fb04b elementor-widget elementor-widget-heading\" data-id=\"a3fb04b\" data-element_type=\"widget\" data-e-type=\"widget\" data-widget_type=\"heading.default\">\n\t\t\t\t<div class=\"elementor-widget-container\">\n\t\t\t\t\t<h1 class=\"elementor-heading-title elementor-size-default\">Contact<\/h1>\t\t\t\t<\/div>\n\t\t\t\t<\/div>\n\t\t\t\t<\/div>\n\t\t\t\t\t<\/div>\n\t\t\t\t<\/div>\n\t\t<div class=\"elementor-element elementor-element-2a26d2e e-flex e-con-boxed e-con e-parent\" data-id=\"2a26d2e\" data-element_type=\"container\" data-e-type=\"container\">\n\t\t\t\t\t<div class=\"e-con-inner\">\n\t\t<div class=\"elementor-element elementor-element-28fed5d e-flex e-con-boxed e-con e-child\" data-id=\"28fed5d\" data-element_type=\"container\" data-e-type=\"container\">\n\t\t\t\t\t<div class=\"e-con-inner\">\n\t\t<div class=\"elementor-element elementor-element-a11f3a5 e-con-full e-flex e-con e-child\" data-id=\"a11f3a5\" data-element_type=\"container\" data-e-type=\"container\" data-settings=\"{&quot;background_background&quot;:&quot;classic&quot;}\">\n\t\t\t\t<div class=\"elementor-element elementor-element-2591c6b elementor-hidden-desktop elementor-hidden-tablet elementor-hidden-mobile elementor-widget elementor-widget-google_maps\" data-id=\"2591c6b\" data-element_type=\"widget\" data-e-type=\"widget\" data-widget_type=\"google_maps.default\">\n\t\t\t\t<div class=\"elementor-widget-container\">\n\t\t\t\t\t\t\t<div class=\"elementor-custom-embed\">\n\t\t\t<iframe loading=\"lazy\"\n\t\t\t\t\tsrc=\"https:\/\/maps.google.com\/maps?q=999%2C%20boul.%20Saint-Martin%20Ouest%2C%20Laval%2C%20Qu%C3%A9bec%20H7S%201M5&#038;t=m&#038;z=9&#038;output=embed&#038;iwloc=near\"\n\t\t\t\t\ttitle=\"999, boul. Saint-Martin Ouest, Laval, Qu\u00e9bec H7S 1M5\"\n\t\t\t\t\taria-label=\"999, boul. Saint-Martin Ouest, Laval, Qu\u00e9bec H7S 1M5\"\n\t\t\t><\/iframe>\n\t\t<\/div>\n\t\t\t\t\t\t<\/div>\n\t\t\t\t<\/div>\n\t\t\t\t<div class=\"elementor-element elementor-element-3ace258 elementor-widget elementor-widget-text-editor\" data-id=\"3ace258\" data-element_type=\"widget\" data-e-type=\"widget\" data-widget_type=\"text-editor.default\">\n\t\t\t\t<div class=\"elementor-widget-container\">\n\t\t\t\t\t\t\t\t\t<p><iframe src=\"https:\/\/www.google.com\/maps\/d\/u\/0\/embed?mid=1gYY1zhFdy0Pqk7n8nRavUezb0k93J8o&#038;ehbc=2E312F&#038;noprof=1\" width=\"640\" height=\"600\"><\/iframe><\/p>\n\t\t\t\t\t\t\t\t<\/div>\n\t\t\t\t<\/div>\n\t\t\t\t<\/div>\n\t\t<div class=\"elementor-element elementor-element-82fd560 e-con-full e-flex e-con e-child\" data-id=\"82fd560\" data-element_type=\"container\" data-e-type=\"container\" data-settings=\"{&quot;background_background&quot;:&quot;classic&quot;}\">\n\t\t\t\t<div class=\"elementor-element elementor-element-4ddd8bd elementor-widget elementor-widget-text-editor\" data-id=\"4ddd8bd\" data-element_type=\"widget\" data-e-type=\"widget\" data-widget_type=\"text-editor.default\">\n\t\t\t\t<div class=\"elementor-widget-container\">\n\t\t\t\t\t\t\t\t\t<h4><strong>ASSURANCES GROUPE V\u00c9ZINA<\/strong><\/h4><p>HEADOFFICE<\/p><p>999, Saint-Martin Boulevard West,<br \/>Laval, Quebec H7S 1M5<br \/><a href=\"mailto:info@groupevezina.com\">info@groupevezina.com<\/a><\/p><p>T:\u00a0<a href=\"tel:+1-450-663-6880\" rel=\"nofollow\">450.663.6880<\/a><br \/><a href=\"tel:+1-800-360-6880\" rel=\"nofollow\">1.800.360.6880<\/a><br \/>F: 1.888.874.6134<\/p><p>\u00a0<\/p><p><strong>SAINT-J\u00c9R\u00d4ME<\/strong><\/p><p>995, rue Maher, suite 402,<br \/>Saint-J\u00e9r\u00f4me, Qu\u00e9bec <br \/>J5L 0A8<br \/><a href=\"mailto:info@groupevezina.com\">info@groupevezina.com<\/a><b><br \/><\/b><\/p><p>T :\u00a0450.436.2922<br \/>\u00a0\u00a0\u00a0\u00a0\u00a01.800.360.6880<br \/>F : 1.888.874.6134<\/p><p><strong>Opening Hours<\/strong><br \/>Monday to Friday 8:30 a.m. to 4:30 p.m.<\/p><p>\u00a0<\/p><h5><strong>MONT-TREMBLANT<\/strong><\/h5><p>504, Charbonneau St.,<br \/>Mont-Tremblant, Quebec<br \/>J8E 3H4<\/p><p><strong><a href=\"mailto:info@groupevezina.com\">info@groupevezina.com<\/a><\/strong><\/p><p>T: 819.425.8767<br \/>\u00a0 \u00a0 \u00a01.800.360.6880<br \/>F: 1.888.874.6134<\/p><p>Open to the public Tuesdays and Wednesdays, 8:30 a.m. to 12:00 p.m. and 1:00 p.m. to 4:30 p.m.<\/p>\t\t\t\t\t\t\t\t<\/div>\n\t\t\t\t<\/div>\n\t\t\t\t<\/div>\n\t\t\t\t\t<\/div>\n\t\t\t\t<\/div>\n\t\t\t\t\t<\/div>\n\t\t\t\t<\/div>\n\t\t\t\t<\/div>\n\t\t","protected":false},"excerpt":{"rendered":"<p>ASSURANCES GROUPE V\u00c9ZINA HEADOFFICE 999, Saint-Martin Boulevard West,Laval, Quebec H7S 1M5info@groupevezina.com T:\u00a0450.663.68801.800.360.6880F: 1.888.874.6134 \u00a0 SAINT-J\u00c9R\u00d4ME 995, rue Maher, suite 402,Saint-J\u00e9r\u00f4me, Qu\u00e9bec J5L 0A8info@groupevezina.com T :\u00a0450.436.2922\u00a0\u00a0\u00a0\u00a0\u00a01.800.360.6880F : 1.888.874.6134 Opening HoursMonday to Friday 8:30 a.m. to 4:30 p.m. \u00a0 MONT-TREMBLANT 504, Charbonneau St.,Mont-Tremblant, QuebecJ8E 3H4 info@groupevezina.com T: 819.425.8767\u00a0 \u00a0 \u00a01.800.360.6880F: 1.888.874.6134 Open to the public Tuesdays and [&hellip;]<\/p>\n","protected":false},"author":17,"featured_media":0,"parent":0,"menu_order":0,"comment_status":"closed","ping_status":"closed","template":"elementor_header_footer","meta":{"_acf_changed":false,"_seopress_robots_primary_cat":"","_seopress_titles_title":"","_seopress_titles_desc":"","_seopress_robots_index":"","site-sidebar-layout":"default","site-content-layout":"","ast-site-content-layout":"default","site-content-style":"default","site-sidebar-style":"default","ast-global-header-display":"","ast-banner-title-visibility":"","ast-main-header-display":"","ast-hfb-above-header-display":"","ast-hfb-below-header-display":"","ast-hfb-mobile-header-display":"","site-post-title":"","ast-breadcrumbs-content":"","ast-featured-img":"","footer-sml-layout":"","ast-disable-related-posts":"","theme-transparent-header-meta":"","adv-header-id-meta":"","stick-header-meta":"","header-above-stick-meta":"","header-main-stick-meta":"","header-below-stick-meta":"","astra-migrate-meta-layouts":"default","ast-page-background-enabled":"default","ast-page-background-meta":{"desktop":{"background-color":"var(--ast-global-color-4)","background-image":"","background-repeat":"repeat","background-position":"center center","background-size":"auto","background-attachment":"scroll","background-type":"","background-media":"","overlay-type":"","overlay-color":"","overlay-opacity":"","overlay-gradient":""},"tablet":{"background-color":"","background-image":"","background-repeat":"repeat","background-position":"center center","background-size":"auto","background-attachment":"scroll","background-type":"","background-media":"","overlay-type":"","overlay-color":"","overlay-opacity":"","overlay-gradient":""},"mobile":{"background-color":"","background-image":"","background-repeat":"repeat","background-position":"center center","background-size":"auto","background-attachment":"scroll","background-type":"","background-media":"","overlay-type":"","overlay-color":"","overlay-opacity":"","overlay-gradient":""}},"ast-content-background-meta":{"desktop":{"background-color":"var(--ast-global-color-5)","background-image":"","background-repeat":"repeat","background-position":"center center","background-size":"auto","background-attachment":"scroll","background-type":"","background-media":"","overlay-type":"","overlay-color":"","overlay-opacity":"","overlay-gradient":""},"tablet":{"background-color":"var(--ast-global-color-5)","background-image":"","background-repeat":"repeat","background-position":"center center","background-size":"auto","background-attachment":"scroll","background-type":"","background-media":"","overlay-type":"","overlay-color":"","overlay-opacity":"","overlay-gradient":""},"mobile":{"background-color":"var(--ast-global-color-5)","background-image":"","background-repeat":"repeat","background-position":"center center","background-size":"auto","background-attachment":"scroll","background-type":"","background-media":"","overlay-type":"","overlay-color":"","overlay-opacity":"","overlay-gradient":""}},"footnotes":""},"class_list":["post-15223","page","type-page","status-publish","hentry"],"acf":[],"_links":{"self":[{"href":"https:\/\/www.groupevezina.com\/en\/wp-json\/wp\/v2\/pages\/15223","targetHints":{"allow":["GET"]}}],"collection":[{"href":"https:\/\/www.groupevezina.com\/en\/wp-json\/wp\/v2\/pages"}],"about":[{"href":"https:\/\/www.groupevezina.com\/en\/wp-json\/wp\/v2\/types\/page"}],"author":[{"embeddable":true,"href":"https:\/\/www.groupevezina.com\/en\/wp-json\/wp\/v2\/users\/17"}],"replies":[{"embeddable":true,"href":"https:\/\/www.groupevezina.com\/en\/wp-json\/wp\/v2\/comments?post=15223"}],"version-history":[{"count":9,"href":"https:\/\/www.groupevezina.com\/en\/wp-json\/wp\/v2\/pages\/15223\/revisions"}],"predecessor-version":[{"id":20579,"href":"https:\/\/www.groupevezina.com\/en\/wp-json\/wp\/v2\/pages\/15223\/revisions\/20579"}],"wp:attachment":[{"href":"https:\/\/www.groupevezina.com\/en\/wp-json\/wp\/v2\/media?parent=15223"}],"curies":[{"name":"wp","href":"https:\/\/api.w.org\/{rel}","templated":true}]}}