{"id":15168,"date":"2021-12-15T14:39:37","date_gmt":"2021-12-15T19:39:37","guid":{"rendered":"https:\/\/test-vez.catalyseweb.com\/recreational-vehicules-insurance-2\/"},"modified":"2025-01-16T14:35:26","modified_gmt":"2025-01-16T19:35:26","slug":"recreational-vehicules-insurance","status":"publish","type":"page","link":"https:\/\/www.groupevezina.com\/en\/recreational-vehicules-insurance\/","title":{"rendered":"Recreational vehicules insurance"},"content":{"rendered":"\t\t<div data-elementor-type=\"wp-page\" data-elementor-id=\"15168\" class=\"elementor elementor-15168 elementor-13107\" data-elementor-post-type=\"page\">\n\t\t\t\t<div class=\"elementor-element elementor-element-27db455 e-flex e-con-boxed e-con e-parent\" data-id=\"27db455\" data-element_type=\"container\" data-e-type=\"container\">\n\t\t\t\t\t<div class=\"e-con-inner\">\n\t\t<div class=\"elementor-element elementor-element-f40348a e-con-full e-flex e-con e-child\" data-id=\"f40348a\" data-element_type=\"container\" data-e-type=\"container\" data-settings=\"{&quot;background_background&quot;:&quot;classic&quot;}\">\n\t\t\t\t<div class=\"elementor-element elementor-element-4596b32 elementor-widget elementor-widget-heading\" data-id=\"4596b32\" data-element_type=\"widget\" data-e-type=\"widget\" data-widget_type=\"heading.default\">\n\t\t\t\t<div class=\"elementor-widget-container\">\n\t\t\t\t\t<h1 class=\"elementor-heading-title elementor-size-default\">Recreational vehicules insurance<\/h1>\t\t\t\t<\/div>\n\t\t\t\t<\/div>\n\t\t\t\t<\/div>\n\t\t\t\t\t<\/div>\n\t\t\t\t<\/div>\n\t\t<div class=\"elementor-element elementor-element-4e6647c elementor-hidden-tablet elementor-hidden-mobile e-flex e-con-boxed e-con e-parent\" data-id=\"4e6647c\" data-element_type=\"container\" data-e-type=\"container\">\n\t\t\t\t\t<div class=\"e-con-inner\">\n\t\t<div class=\"elementor-element elementor-element-4458437 e-flex e-con-boxed e-con e-child\" data-id=\"4458437\" data-element_type=\"container\" data-e-type=\"container\" data-settings=\"{&quot;background_background&quot;:&quot;classic&quot;}\">\n\t\t\t\t\t<div class=\"e-con-inner\">\n\t\t<div class=\"elementor-element elementor-element-4e74de2 e-con-full e-flex e-con e-child\" data-id=\"4e74de2\" data-element_type=\"container\" data-e-type=\"container\" data-settings=\"{&quot;background_background&quot;:&quot;classic&quot;}\">\n\t\t\t\t<div class=\"elementor-element elementor-element-fa347ef elementor-widget elementor-widget-heading\" data-id=\"fa347ef\" data-element_type=\"widget\" data-e-type=\"widget\" data-widget_type=\"heading.default\">\n\t\t\t\t<div class=\"elementor-widget-container\">\n\t\t\t\t\t<h3 class=\"elementor-heading-title elementor-size-default\">SAVE EVEN MORE BY COMBINING YOUR INSURANCES<\/h3>\t\t\t\t<\/div>\n\t\t\t\t<\/div>\n\t\t\t\t<div class=\"elementor-element elementor-element-5624ebc elementor-widget elementor-widget-text-editor\" data-id=\"5624ebc\" data-element_type=\"widget\" data-e-type=\"widget\" data-widget_type=\"text-editor.default\">\n\t\t\t\t<div class=\"elementor-widget-container\">\n\t\t\t\t\t\t\t\t\t<p>By combining your recreational vehicle insurance (motorcycle, boat, ATV, snowmobile, personal watercraft) with your auto and home insurance, you save even more!<\/p>\n\t\t\t\t\t\t\t\t<\/div>\n\t\t\t\t<\/div>\n\t\t\t\t<div class=\"elementor-element elementor-element-478191d elementor-widget elementor-widget-heading\" data-id=\"478191d\" data-element_type=\"widget\" data-e-type=\"widget\" data-widget_type=\"heading.default\">\n\t\t\t\t<div class=\"elementor-widget-container\">\n\t\t\t\t\t<h3 class=\"elementor-heading-title elementor-size-default\">MOTORCYCLE INSURANCE PROGRAM<\/h3>\t\t\t\t<\/div>\n\t\t\t\t<\/div>\n\t\t\t\t<div class=\"elementor-element elementor-element-8e12373 elementor-widget elementor-widget-text-editor\" data-id=\"8e12373\" data-element_type=\"widget\" data-e-type=\"widget\" data-widget_type=\"text-editor.default\">\n\t\t\t\t<div class=\"elementor-widget-container\">\n\t\t\t\t\t\t\t\t\t<p>A motorcycle insurance tailored to your needs, that&#8217;s what you need. Intact Insurance&#8217;s <em><strong>My motorcycle and me<\/strong><\/em> program offers you just that:<\/p>\n<ul>\n<li>Roadside assistance: this coverage gives you access to four services per year, including:<br \/>\ntowing within a 100-kilometre radius<\/li>\n<li>Battery boost<\/li>\n<li>Wheel change<\/li>\n<li>Free delivery of up to 10 liters of gasoline<\/li>\n<li>Service 24 hours a day, 7 days a week, anywhere in Canada and the U.S.<\/li>\n<li>Reimbursement of the cost of renting a temporary replacement vehicle following a claim, with no daily limit ($2,000 limit per claim)<\/li>\n<li>Reimbursement of up to $1,000 for additional travel expenses, such as accommodation or meals<\/li>\n<li>10,000 life insurance coverage in the event of accidental death resulting from an automobile accident for you and your spouse, included free of charge<\/li>\n<li>5,000 coverage for accessories and equipment included free of charge<\/li>\n<li>Use outside Quebec up to 180 days per year included at no charge<\/li>\n<li>Up to 5% discount on advanced motorcycle driving courses<\/li>\n<li>Compensation without depreciation available for new motorcycles<\/li>\n<li>Replacement insurance available<\/li>\n<\/ul>\n\t\t\t\t\t\t\t\t<\/div>\n\t\t\t\t<\/div>\n\t\t\t\t<\/div>\n\t\t<div class=\"elementor-element elementor-element-7041937 e-con-full e-flex e-con e-child\" data-id=\"7041937\" data-element_type=\"container\" data-e-type=\"container\" data-settings=\"{&quot;background_background&quot;:&quot;classic&quot;}\">\n\t\t\t\t<div class=\"elementor-element elementor-element-1c2463c elementor-widget elementor-widget-heading\" data-id=\"1c2463c\" data-element_type=\"widget\" data-e-type=\"widget\" data-widget_type=\"heading.default\">\n\t\t\t\t<div class=\"elementor-widget-container\">\n\t\t\t\t\t<h3 class=\"elementor-heading-title elementor-size-default\">ATV AND SNOWMOBILE INSURANCE PROGRAM<\/h3>\t\t\t\t<\/div>\n\t\t\t\t<\/div>\n\t\t\t\t<div class=\"elementor-element elementor-element-a360439 elementor-widget elementor-widget-text-editor\" data-id=\"a360439\" data-element_type=\"widget\" data-e-type=\"widget\" data-widget_type=\"text-editor.default\">\n\t\t\t\t<div class=\"elementor-widget-container\">\n\t\t\t\t\t\t\t\t\t<p>Our ATV and Snowmobile program gives you the peace of mind you need to enjoy your rides to the full. Here&#8217;s what the program has to offer:<\/p>\n<ul>\n<li>Roadside assistance: this coverage gives you access to four services per year, including towing within a 100-kilometre radius, battery boost, wheel change, free delivery of up to 10 liters of gasoline, 24\/7 service in Quebec, Ontario, New Brunswick and Nova Scotia<\/li>\n<li>Reimbursement of the cost of renting a temporary replacement vehicle following a claim, with no daily limit ($2,000 limit per claim)<\/li>\n<li>Reimbursement of up to $1,000 for additional travel expenses, such as accommodation or meals<\/li>\n<li>10,000 life insurance coverage in the event of accidental death resulting from an automobile accident for you and your spouse, included free of charge<\/li>\n<li>5,000 coverage for accessories and equipment included free of charge<\/li>\n<li>Usage outside Quebec up to 180 days\/year included at no charge<\/li>\n<li>Compensation without depreciation available for new snowmobiles and ATVs<\/li>\n<li>Replacement insurance available<\/li>\n<\/ul>\n\t\t\t\t\t\t\t\t<\/div>\n\t\t\t\t<\/div>\n\t\t\t\t<div class=\"elementor-element elementor-element-be6c7e0 elementor-widget elementor-widget-heading\" data-id=\"be6c7e0\" data-element_type=\"widget\" data-e-type=\"widget\" data-widget_type=\"heading.default\">\n\t\t\t\t<div class=\"elementor-widget-container\">\n\t\t\t\t\t<h3 class=\"elementor-heading-title elementor-size-default\">FCMQ AND FQCQ<\/h3>\t\t\t\t<\/div>\n\t\t\t\t<\/div>\n\t\t\t\t<div class=\"elementor-element elementor-element-bb88f54 elementor-widget elementor-widget-text-editor\" data-id=\"bb88f54\" data-element_type=\"widget\" data-e-type=\"widget\" data-widget_type=\"text-editor.default\">\n\t\t\t\t<div class=\"elementor-widget-container\">\n\t\t\t\t\t\t\t\t\t<p>Are you a member of the F\u00e9d\u00e9ration des clubs de motoneigistes du Qu\u00e9bec (FCMQ) or the F\u00e9d\u00e9ration Qu\u00e9b\u00e9coise des Clubs Quads (FQCQ)?<\/p>\n<p>Significant benefits and discounts await you, including reduced deductibles and reimbursement of 1\/12 of the annual premium on new business (maximum $250 per policy).<\/p>\n\t\t\t\t\t\t\t\t<\/div>\n\t\t\t\t<\/div>\n\t\t\t\t<\/div>\n\t\t\t\t\t<\/div>\n\t\t\t\t<\/div>\n\t\t\t\t\t<\/div>\n\t\t\t\t<\/div>\n\t\t<div class=\"elementor-element elementor-element-e043382 e-con-full elementor-hidden-desktop e-flex e-con e-parent\" data-id=\"e043382\" data-element_type=\"container\" data-e-type=\"container\" data-settings=\"{&quot;background_background&quot;:&quot;classic&quot;}\">\n\t\t<div class=\"elementor-element elementor-element-de66e51 e-con-full e-flex e-con e-child\" data-id=\"de66e51\" data-element_type=\"container\" data-e-type=\"container\">\n\t\t\t\t<div class=\"elementor-element elementor-element-77d57a9 elementor-widget elementor-widget-toggle\" data-id=\"77d57a9\" data-element_type=\"widget\" data-e-type=\"widget\" data-widget_type=\"toggle.default\">\n\t\t\t\t<div class=\"elementor-widget-container\">\n\t\t\t\t\t\t\t<div class=\"elementor-toggle\">\n\t\t\t\t\t\t\t<div class=\"elementor-toggle-item\">\n\t\t\t\t\t<h3 id=\"elementor-tab-title-1251\" class=\"elementor-tab-title\" data-tab=\"1\" role=\"button\" aria-controls=\"elementor-tab-content-1251\" aria-expanded=\"false\">\n\t\t\t\t\t\t\t\t\t\t\t\t<span class=\"elementor-toggle-icon elementor-toggle-icon-right\" aria-hidden=\"true\">\n\t\t\t\t\t\t\t\t\t\t\t\t\t\t\t<span class=\"elementor-toggle-icon-closed\"><i class=\"fas fa-caret-right\"><\/i><\/span>\n\t\t\t\t\t\t\t\t<span class=\"elementor-toggle-icon-opened\"><i class=\"elementor-toggle-icon-opened fas fa-caret-up\"><\/i><\/span>\n\t\t\t\t\t\t\t\t\t\t\t\t\t<\/span>\n\t\t\t\t\t\t\t\t\t\t\t\t<a class=\"elementor-toggle-title\" tabindex=\"0\">SAVE EVEN MORE BY COMBINING YOUR INSURANCES<\/a>\n\t\t\t\t\t<\/h3>\n\n\t\t\t\t\t<div id=\"elementor-tab-content-1251\" class=\"elementor-tab-content elementor-clearfix\" data-tab=\"1\" role=\"region\" aria-labelledby=\"elementor-tab-title-1251\"><p>By combining your recreational vehicle insurance (motorcycle, boat, ATV, snowmobile, personal watercraft) with your auto and home insurance, you save even more!<\/p>\n<\/div>\n\t\t\t\t<\/div>\n\t\t\t\t\t\t\t\t<\/div>\n\t\t\t\t\t\t<\/div>\n\t\t\t\t<\/div>\n\t\t\t\t<div class=\"elementor-element elementor-element-66792c6 elementor-widget elementor-widget-toggle\" data-id=\"66792c6\" data-element_type=\"widget\" data-e-type=\"widget\" data-widget_type=\"toggle.default\">\n\t\t\t\t<div class=\"elementor-widget-container\">\n\t\t\t\t\t\t\t<div class=\"elementor-toggle\">\n\t\t\t\t\t\t\t<div class=\"elementor-toggle-item\">\n\t\t\t\t\t<h3 id=\"elementor-tab-title-1071\" class=\"elementor-tab-title\" data-tab=\"1\" role=\"button\" aria-controls=\"elementor-tab-content-1071\" aria-expanded=\"false\">\n\t\t\t\t\t\t\t\t\t\t\t\t<span class=\"elementor-toggle-icon elementor-toggle-icon-right\" aria-hidden=\"true\">\n\t\t\t\t\t\t\t\t\t\t\t\t\t\t\t<span class=\"elementor-toggle-icon-closed\"><i class=\"fas fa-caret-right\"><\/i><\/span>\n\t\t\t\t\t\t\t\t<span class=\"elementor-toggle-icon-opened\"><i class=\"elementor-toggle-icon-opened fas fa-caret-up\"><\/i><\/span>\n\t\t\t\t\t\t\t\t\t\t\t\t\t<\/span>\n\t\t\t\t\t\t\t\t\t\t\t\t<a class=\"elementor-toggle-title\" tabindex=\"0\">MOTORCYCLE INSURANCE PROGRAM<\/a>\n\t\t\t\t\t<\/h3>\n\n\t\t\t\t\t<div id=\"elementor-tab-content-1071\" class=\"elementor-tab-content elementor-clearfix\" data-tab=\"1\" role=\"region\" aria-labelledby=\"elementor-tab-title-1071\"><p>A motorcycle insurance tailored to your needs, that&#8217;s what you need. Intact Insurance&#8217;s <em><strong>My motorcycle and me<\/strong><\/em> program offers you just that:<\/p>\n<ul>\n<li>Roadside assistance: this coverage gives you access to four services per year, including:<br \/>\ntowing within a 100-kilometre radius<\/li>\n<li>Battery boost<\/li>\n<li>Wheel change<\/li>\n<li>Free delivery of up to 10 liters of gasoline<\/li>\n<li>Service 24 hours a day, 7 days a week, anywhere in Canada and the U.S.<\/li>\n<li>Reimbursement of the cost of renting a temporary replacement vehicle following a claim, with no daily limit ($2,000 limit per claim)<\/li>\n<li>Reimbursement of up to $1,000 for additional travel expenses, such as accommodation or meals<\/li>\n<li>10,000 life insurance coverage in the event of accidental death resulting from an automobile accident for you and your spouse, included free of charge<\/li>\n<li>5,000 coverage for accessories and equipment included free of charge<\/li>\n<li>Use outside Quebec up to 180 days per year included at no charge<\/li>\n<li>Up to 5% discount on advanced motorcycle driving courses<\/li>\n<li>Compensation without depreciation available for new motorcycles<\/li>\n<li>Replacement insurance available<\/li>\n<\/ul>\n<\/div>\n\t\t\t\t<\/div>\n\t\t\t\t\t\t\t\t<\/div>\n\t\t\t\t\t\t<\/div>\n\t\t\t\t<\/div>\n\t\t\t\t<div class=\"elementor-element elementor-element-8af1c6c elementor-widget elementor-widget-toggle\" data-id=\"8af1c6c\" data-element_type=\"widget\" data-e-type=\"widget\" data-widget_type=\"toggle.default\">\n\t\t\t\t<div class=\"elementor-widget-container\">\n\t\t\t\t\t\t\t<div class=\"elementor-toggle\">\n\t\t\t\t\t\t\t<div class=\"elementor-toggle-item\">\n\t\t\t\t\t<h3 id=\"elementor-tab-title-1451\" class=\"elementor-tab-title\" data-tab=\"1\" role=\"button\" aria-controls=\"elementor-tab-content-1451\" aria-expanded=\"false\">\n\t\t\t\t\t\t\t\t\t\t\t\t<span class=\"elementor-toggle-icon elementor-toggle-icon-right\" aria-hidden=\"true\">\n\t\t\t\t\t\t\t\t\t\t\t\t\t\t\t<span class=\"elementor-toggle-icon-closed\"><i class=\"fas fa-caret-right\"><\/i><\/span>\n\t\t\t\t\t\t\t\t<span class=\"elementor-toggle-icon-opened\"><i class=\"elementor-toggle-icon-opened fas fa-caret-up\"><\/i><\/span>\n\t\t\t\t\t\t\t\t\t\t\t\t\t<\/span>\n\t\t\t\t\t\t\t\t\t\t\t\t<a class=\"elementor-toggle-title\" tabindex=\"0\">ATV AND SNOWMOBILE INSURANCE PROGRAM<\/a>\n\t\t\t\t\t<\/h3>\n\n\t\t\t\t\t<div id=\"elementor-tab-content-1451\" class=\"elementor-tab-content elementor-clearfix\" data-tab=\"1\" role=\"region\" aria-labelledby=\"elementor-tab-title-1451\"><p>Our ATV and Snowmobile program gives you the peace of mind you need to enjoy your rides to the full. Here&#8217;s what the program has to offer:<\/p>\n<ul>\n<li>Roadside assistance: this coverage gives you access to four services per year, including towing within a 100-kilometre radius, battery boost, wheel change, free delivery of up to 10 liters of gasoline, 24\/7 service in Quebec, Ontario, New Brunswick and Nova Scotia<\/li>\n<li>Reimbursement of the cost of renting a temporary replacement vehicle following a claim, with no daily limit ($2,000 limit per claim)<\/li>\n<li>Reimbursement of up to $1,000 for additional travel expenses, such as accommodation or meals<\/li>\n<li>10,000 life insurance coverage in the event of accidental death resulting from an automobile accident for you and your spouse, included free of charge<\/li>\n<li>5,000 coverage for accessories and equipment included free of charge<\/li>\n<li>Usage outside Quebec up to 180 days\/year included at no charge<\/li>\n<li>Compensation without depreciation available for new snowmobiles and ATVs<\/li>\n<li>Replacement insurance available<\/li>\n<\/ul>\n<\/div>\n\t\t\t\t<\/div>\n\t\t\t\t\t\t\t\t<\/div>\n\t\t\t\t\t\t<\/div>\n\t\t\t\t<\/div>\n\t\t\t\t<div class=\"elementor-element elementor-element-8404e7a elementor-widget elementor-widget-toggle\" data-id=\"8404e7a\" data-element_type=\"widget\" data-e-type=\"widget\" data-widget_type=\"toggle.default\">\n\t\t\t\t<div class=\"elementor-widget-container\">\n\t\t\t\t\t\t\t<div class=\"elementor-toggle\">\n\t\t\t\t\t\t\t<div class=\"elementor-toggle-item\">\n\t\t\t\t\t<h3 id=\"elementor-tab-title-1381\" class=\"elementor-tab-title\" data-tab=\"1\" role=\"button\" aria-controls=\"elementor-tab-content-1381\" aria-expanded=\"false\">\n\t\t\t\t\t\t\t\t\t\t\t\t<span class=\"elementor-toggle-icon elementor-toggle-icon-right\" aria-hidden=\"true\">\n\t\t\t\t\t\t\t\t\t\t\t\t\t\t\t<span class=\"elementor-toggle-icon-closed\"><i class=\"fas fa-caret-right\"><\/i><\/span>\n\t\t\t\t\t\t\t\t<span class=\"elementor-toggle-icon-opened\"><i class=\"elementor-toggle-icon-opened fas fa-caret-up\"><\/i><\/span>\n\t\t\t\t\t\t\t\t\t\t\t\t\t<\/span>\n\t\t\t\t\t\t\t\t\t\t\t\t<a class=\"elementor-toggle-title\" tabindex=\"0\">FCMQ AND FQCQ<\/a>\n\t\t\t\t\t<\/h3>\n\n\t\t\t\t\t<div id=\"elementor-tab-content-1381\" class=\"elementor-tab-content elementor-clearfix\" data-tab=\"1\" role=\"region\" aria-labelledby=\"elementor-tab-title-1381\"><p>Are you a member of the F\u00e9d\u00e9ration des clubs de motoneigistes du Qu\u00e9bec (FCMQ) or the F\u00e9d\u00e9ration Qu\u00e9b\u00e9coise des Clubs Quads (FQCQ)?<\/p>\n<p>Significant benefits and discounts await you, including reduced deductibles and reimbursement of 1\/12 of the annual premium on new business (maximum $250 per policy).<\/p>\n<\/div>\n\t\t\t\t<\/div>\n\t\t\t\t\t\t\t\t<\/div>\n\t\t\t\t\t\t<\/div>\n\t\t\t\t<\/div>\n\t\t\t\t<\/div>\n\t\t\t\t<\/div>\n\t\t<div class=\"elementor-element elementor-element-fc0cf7b e-flex e-con-boxed e-con e-parent\" data-id=\"fc0cf7b\" data-element_type=\"container\" data-e-type=\"container\" data-settings=\"{&quot;background_background&quot;:&quot;classic&quot;}\">\n\t\t\t\t\t<div class=\"e-con-inner\">\n\t\t<div class=\"elementor-element elementor-element-e034570 e-con-full e-flex e-con e-child\" data-id=\"e034570\" data-element_type=\"container\" data-e-type=\"container\">\n\t\t\t\t<div class=\"elementor-element elementor-element-92ce5b1 elementor-widget elementor-widget-heading\" data-id=\"92ce5b1\" data-element_type=\"widget\" data-e-type=\"widget\" data-widget_type=\"heading.default\">\n\t\t\t\t<div class=\"elementor-widget-container\">\n\t\t\t\t\t<span class=\"elementor-heading-title elementor-size-default\">Need a<br \/><strong><span class=\"rouge\"> quick quote<\/span><\/strong> adapted to your needs?<\/span>\t\t\t\t<\/div>\n\t\t\t\t<\/div>\n\t\t\t\t<div class=\"elementor-element elementor-element-50cde44 elementor-align-justify elementor-widget elementor-widget-button\" data-id=\"50cde44\" data-element_type=\"widget\" data-e-type=\"widget\" data-widget_type=\"button.default\">\n\t\t\t\t<div class=\"elementor-widget-container\">\n\t\t\t\t\t\t\t\t\t<div class=\"elementor-button-wrapper\">\n\t\t\t\t\t<a class=\"elementor-button elementor-button-link elementor-size-sm\" href=\"https:\/\/www.groupevezina.com\/en\/\">\n\t\t\t\t\t\t<span class=\"elementor-button-content-wrapper\">\n\t\t\t\t\t\t\t\t\t<span class=\"elementor-button-text\">Get a quote<\/span>\n\t\t\t\t\t<\/span>\n\t\t\t\t\t<\/a>\n\t\t\t\t<\/div>\n\t\t\t\t\t\t\t\t<\/div>\n\t\t\t\t<\/div>\n\t\t\t\t<\/div>\n\t\t<div class=\"elementor-element elementor-element-6ffe555 e-con-full e-flex e-con e-child\" data-id=\"6ffe555\" data-element_type=\"container\" data-e-type=\"container\">\n\t\t\t\t<div class=\"elementor-element elementor-element-9cf7194 elementor-widget elementor-widget-heading\" data-id=\"9cf7194\" data-element_type=\"widget\" data-e-type=\"widget\" data-widget_type=\"heading.default\">\n\t\t\t\t<div class=\"elementor-widget-container\">\n\t\t\t\t\t<span class=\"elementor-heading-title elementor-size-default\"><a href=\"https:\/\/www.groupevezina.com\/assurances-auto\/\">Need car insurance?<\/a><\/span>\t\t\t\t<\/div>\n\t\t\t\t<\/div>\n\t\t\t\t<\/div>\n\t\t<div class=\"elementor-element elementor-element-24ff05a e-con-full e-flex e-con e-child\" data-id=\"24ff05a\" data-element_type=\"container\" data-e-type=\"container\">\n\t\t\t\t<div class=\"elementor-element elementor-element-da1a5ec elementor-widget elementor-widget-heading\" data-id=\"da1a5ec\" data-element_type=\"widget\" data-e-type=\"widget\" data-widget_type=\"heading.default\">\n\t\t\t\t<div class=\"elementor-widget-container\">\n\t\t\t\t\t<span class=\"elementor-heading-title elementor-size-default\"><a href=\"https:\/\/www.groupevezina.com\/assurances-habitation\/\">Need home insurance?<\/a><\/span>\t\t\t\t<\/div>\n\t\t\t\t<\/div>\n\t\t\t\t<\/div>\n\t\t<div class=\"elementor-element elementor-element-e6614a3 e-con-full e-flex e-con e-child\" data-id=\"e6614a3\" data-element_type=\"container\" data-e-type=\"container\">\n\t\t\t\t<div class=\"elementor-element elementor-element-de0f6fc elementor-widget elementor-widget-heading\" data-id=\"de0f6fc\" data-element_type=\"widget\" data-e-type=\"widget\" data-widget_type=\"heading.default\">\n\t\t\t\t<div class=\"elementor-widget-container\">\n\t\t\t\t\t<span class=\"elementor-heading-title elementor-size-default\"><a href=\"https:\/\/www.groupevezina.com\/assurances-pour-entreprises\/\">Need a business insurance?<\/a><\/span>\t\t\t\t<\/div>\n\t\t\t\t<\/div>\n\t\t\t\t<\/div>\n\t\t\t\t\t<\/div>\n\t\t\t\t<\/div>\n\t\t\t\t<\/div>\n\t\t","protected":false},"excerpt":{"rendered":"<p>Need a quick quote adapted to your needs? Get a quote Need car insurance? Need home insurance? Need a business insurance?<\/p>\n","protected":false},"author":17,"featured_media":0,"parent":0,"menu_order":0,"comment_status":"closed","ping_status":"closed","template":"elementor_header_footer","meta":{"_acf_changed":false,"_seopress_robots_primary_cat":"","_seopress_titles_title":"","_seopress_titles_desc":"","_seopress_robots_index":"","site-sidebar-layout":"default","site-content-layout":"","ast-site-content-layout":"default","site-content-style":"default","site-sidebar-style":"default","ast-global-header-display":"","ast-banner-title-visibility":"","ast-main-header-display":"","ast-hfb-above-header-display":"","ast-hfb-below-header-display":"","ast-hfb-mobile-header-display":"","site-post-title":"","ast-breadcrumbs-content":"","ast-featured-img":"","footer-sml-layout":"","ast-disable-related-posts":"","theme-transparent-header-meta":"","adv-header-id-meta":"","stick-header-meta":"","header-above-stick-meta":"","header-main-stick-meta":"","header-below-stick-meta":"","astra-migrate-meta-layouts":"set","ast-page-background-enabled":"default","ast-page-background-meta":{"desktop":{"background-color":"var(--ast-global-color-4)","background-image":"","background-repeat":"repeat","background-position":"center center","background-size":"auto","background-attachment":"scroll","background-type":"","background-media":"","overlay-type":"","overlay-color":"","overlay-opacity":"","overlay-gradient":""},"tablet":{"background-color":"","background-image":"","background-repeat":"repeat","background-position":"center center","background-size":"auto","background-attachment":"scroll","background-type":"","background-media":"","overlay-type":"","overlay-color":"","overlay-opacity":"","overlay-gradient":""},"mobile":{"background-color":"","background-image":"","background-repeat":"repeat","background-position":"center center","background-size":"auto","background-attachment":"scroll","background-type":"","background-media":"","overlay-type":"","overlay-color":"","overlay-opacity":"","overlay-gradient":""}},"ast-content-background-meta":{"desktop":{"background-color":"var(--ast-global-color-5)","background-image":"","background-repeat":"repeat","background-position":"center center","background-size":"auto","background-attachment":"scroll","background-type":"","background-media":"","overlay-type":"","overlay-color":"","overlay-opacity":"","overlay-gradient":""},"tablet":{"background-color":"var(--ast-global-color-5)","background-image":"","background-repeat":"repeat","background-position":"center center","background-size":"auto","background-attachment":"scroll","background-type":"","background-media":"","overlay-type":"","overlay-color":"","overlay-opacity":"","overlay-gradient":""},"mobile":{"background-color":"var(--ast-global-color-5)","background-image":"","background-repeat":"repeat","background-position":"center center","background-size":"auto","background-attachment":"scroll","background-type":"","background-media":"","overlay-type":"","overlay-color":"","overlay-opacity":"","overlay-gradient":""}},"footnotes":""},"class_list":["post-15168","page","type-page","status-publish","hentry"],"acf":[],"_links":{"self":[{"href":"https:\/\/www.groupevezina.com\/en\/wp-json\/wp\/v2\/pages\/15168","targetHints":{"allow":["GET"]}}],"collection":[{"href":"https:\/\/www.groupevezina.com\/en\/wp-json\/wp\/v2\/pages"}],"about":[{"href":"https:\/\/www.groupevezina.com\/en\/wp-json\/wp\/v2\/types\/page"}],"author":[{"embeddable":true,"href":"https:\/\/www.groupevezina.com\/en\/wp-json\/wp\/v2\/users\/17"}],"replies":[{"embeddable":true,"href":"https:\/\/www.groupevezina.com\/en\/wp-json\/wp\/v2\/comments?post=15168"}],"version-history":[{"count":4,"href":"https:\/\/www.groupevezina.com\/en\/wp-json\/wp\/v2\/pages\/15168\/revisions"}],"predecessor-version":[{"id":19541,"href":"https:\/\/www.groupevezina.com\/en\/wp-json\/wp\/v2\/pages\/15168\/revisions\/19541"}],"wp:attachment":[{"href":"https:\/\/www.groupevezina.com\/en\/wp-json\/wp\/v2\/media?parent=15168"}],"curies":[{"name":"wp","href":"https:\/\/api.w.org\/{rel}","templated":true}]}}